{"id":7809,"date":"2023-03-22T21:04:44","date_gmt":"2023-03-22T21:04:44","guid":{"rendered":"https:\/\/pneuscross.com.br\/site\/?post_type=product&#038;p=7809"},"modified":"2025-04-14T20:15:33","modified_gmt":"2025-04-14T20:15:33","slug":"argentino-225-x-75-x-15","status":"publish","type":"product","link":"https:\/\/pneuscross.com.br\/site\/product\/argentino-225-x-75-x-15\/","title":{"rendered":"Argentino &#8211; Fazemos diversas medidas"},"content":{"rendered":"<p>&nbsp;<\/p>\n<p>Despachamos para todo Brasil \ud83c\udde7\ud83c\uddf7. Cotamos o seu frete sem compromisso.<\/p>\n<p>Pneu recapado a quente com borracha Vipal.<\/p>\n<p>Para mais informa\u00e7\u00f5es referente a modelos de pneus, medidas de pneus, cota\u00e7\u00f5es de frete ou referente a qualquer outro assunto referente a nossa linha de pneus favor entrar em contato atrav\u00e9s do n\u00famero:<\/p>\n<p>(31) 3461-6535 (Televendas)<\/p>\n<p>Ou entre em contato atrav\u00e9s do n\u00famero:<\/p>\n<p>(31) 9 9951-8454 (Whatsapp).<\/p>\n<p>Encomende o seu (Prazo de at\u00e9 4 dias para fabrica\u00e7\u00e3o)<\/p>\n","protected":false},"excerpt":{"rendered":"<p>&nbsp; Despachamos para todo Brasil \ud83c\udde7\ud83c\uddf7. Cotamos o seu frete sem compromisso. Pneu recapado a quente com borracha Vipal. Para mais informa\u00e7\u00f5es referente a modelos de pneus, medidas de pneus, cota\u00e7\u00f5es de frete ou referente a qualquer outro assunto referente a nossa linha de pneus favor entrar em contato atrav\u00e9s do n\u00famero: (31) 3461-6535 (Televendas) &hellip; <a href=\"https:\/\/pneuscross.com.br\/site\/product\/argentino-225-x-75-x-15\/\" class=\"more-link\">Continue reading <span class=\"screen-reader-text\">Argentino &#8211; Fazemos diversas medidas<\/span><\/a><\/p>\n","protected":false},"featured_media":7813,"template":"","meta":[],"product_cat":[129],"product_tag":[],"class_list":["post-7809","product","type-product","status-publish","has-post-thumbnail","hentry","product_cat-pneus"],"_links":{"self":[{"href":"https:\/\/pneuscross.com.br\/site\/wp-json\/wp\/v2\/product\/7809","targetHints":{"allow":["GET"]}}],"collection":[{"href":"https:\/\/pneuscross.com.br\/site\/wp-json\/wp\/v2\/product"}],"about":[{"href":"https:\/\/pneuscross.com.br\/site\/wp-json\/wp\/v2\/types\/product"}],"wp:featuredmedia":[{"embeddable":true,"href":"https:\/\/pneuscross.com.br\/site\/wp-json\/wp\/v2\/media\/7813"}],"wp:attachment":[{"href":"https:\/\/pneuscross.com.br\/site\/wp-json\/wp\/v2\/media?parent=7809"}],"wp:term":[{"taxonomy":"product_cat","embeddable":true,"href":"https:\/\/pneuscross.com.br\/site\/wp-json\/wp\/v2\/product_cat?post=7809"},{"taxonomy":"product_tag","embeddable":true,"href":"https:\/\/pneuscross.com.br\/site\/wp-json\/wp\/v2\/product_tag?post=7809"}],"curies":[{"name":"wp","href":"https:\/\/api.w.org\/{rel}","templated":true}]}}