{"id":7844,"date":"2023-03-22T21:43:35","date_gmt":"2023-03-22T21:43:35","guid":{"rendered":"https:\/\/pneuscross.com.br\/site\/?post_type=product&#038;p=7844"},"modified":"2025-04-14T20:14:39","modified_gmt":"2025-04-14T20:14:39","slug":"cross","status":"publish","type":"product","link":"https:\/\/pneuscross.com.br\/site\/product\/cross\/","title":{"rendered":"Super Cross (Fazemos as medidas)"},"content":{"rendered":"<p>&nbsp;<\/p>\n<p>Despachamos para todo Brasil, cotamos o seu frete sem compromisso.<\/p>\n<p>Pneu recapado a quente com borracha Vipal.<\/p>\n<p>Pra mais informa\u00e7\u00f5es referente a modelo de pneus, medidas, cota\u00e7\u00f5es e dentre outras informa\u00e7\u00f5es entre em contato atrav\u00e9s do n\u00famero:<\/p>\n<p>(Televendas): (31) 3461-6535<\/p>\n<p>ou entre em contato atrav\u00e9s do nosso n\u00famero:<\/p>\n<p>(WhatsApp): (31) 9 9951-8454.<\/p>\n<p>Entre em contato e encomende o seu (Prazo de at\u00e9 4 dias \u00fateis para fabrica\u00e7\u00e3o) .<\/p>\n","protected":false},"excerpt":{"rendered":"<p>&nbsp; Despachamos para todo Brasil, cotamos o seu frete sem compromisso. Pneu recapado a quente com borracha Vipal. Pra mais informa\u00e7\u00f5es referente a modelo de pneus, medidas, cota\u00e7\u00f5es e dentre outras informa\u00e7\u00f5es entre em contato atrav\u00e9s do n\u00famero: (Televendas): (31) 3461-6535 ou entre em contato atrav\u00e9s do nosso n\u00famero: (WhatsApp): (31) 9 9951-8454. Entre em &hellip; <a href=\"https:\/\/pneuscross.com.br\/site\/product\/cross\/\" class=\"more-link\">Continue reading <span class=\"screen-reader-text\">Super Cross (Fazemos as medidas)<\/span><\/a><\/p>\n","protected":false},"featured_media":8082,"template":"","meta":[],"product_cat":[129],"product_tag":[],"class_list":["post-7844","product","type-product","status-publish","has-post-thumbnail","hentry","product_cat-pneus"],"_links":{"self":[{"href":"https:\/\/pneuscross.com.br\/site\/wp-json\/wp\/v2\/product\/7844","targetHints":{"allow":["GET"]}}],"collection":[{"href":"https:\/\/pneuscross.com.br\/site\/wp-json\/wp\/v2\/product"}],"about":[{"href":"https:\/\/pneuscross.com.br\/site\/wp-json\/wp\/v2\/types\/product"}],"wp:featuredmedia":[{"embeddable":true,"href":"https:\/\/pneuscross.com.br\/site\/wp-json\/wp\/v2\/media\/8082"}],"wp:attachment":[{"href":"https:\/\/pneuscross.com.br\/site\/wp-json\/wp\/v2\/media?parent=7844"}],"wp:term":[{"taxonomy":"product_cat","embeddable":true,"href":"https:\/\/pneuscross.com.br\/site\/wp-json\/wp\/v2\/product_cat?post=7844"},{"taxonomy":"product_tag","embeddable":true,"href":"https:\/\/pneuscross.com.br\/site\/wp-json\/wp\/v2\/product_tag?post=7844"}],"curies":[{"name":"wp","href":"https:\/\/api.w.org\/{rel}","templated":true}]}}