{"id":7847,"date":"2023-03-22T21:56:35","date_gmt":"2023-03-22T21:56:35","guid":{"rendered":"https:\/\/pneuscross.com.br\/site\/?post_type=product&#038;p=7847"},"modified":"2025-04-14T20:13:53","modified_gmt":"2025-04-14T20:13:53","slug":"direcional-400-x-15","status":"publish","type":"product","link":"https:\/\/pneuscross.com.br\/site\/product\/direcional-400-x-15\/","title":{"rendered":"Pneu Direcional &#8211; Fazemos diversas medidas"},"content":{"rendered":"<p>&nbsp;<\/p>\n<p>Despachamos para todo Brasil.<\/p>\n<p>Cotamos o seu frete sem compromisso.<\/p>\n<p>Pneu recapado a quente com borracha Vipal.<\/p>\n<p>Para mais informa\u00e7\u00f5es referente a modelos de pneus, medidas de pneus, cota\u00e7\u00f5es de frete e dentre outros assuntos entre em contato atrav\u00e9s do n\u00famero: (Televenda):<\/p>\n<p>(31) 3461-6535<\/p>\n<p>ou entre em contato atrav\u00e9s do n\u00famero:<\/p>\n<p>(WhatsApp): (31) 9 9951-8454.<\/p>\n<p>Entre em contato e encomende o seu !<\/p>\n","protected":false},"excerpt":{"rendered":"<p>&nbsp; Despachamos para todo Brasil. Cotamos o seu frete sem compromisso. Pneu recapado a quente com borracha Vipal. Para mais informa\u00e7\u00f5es referente a modelos de pneus, medidas de pneus, cota\u00e7\u00f5es de frete e dentre outros assuntos entre em contato atrav\u00e9s do n\u00famero: (Televenda): (31) 3461-6535 ou entre em contato atrav\u00e9s do n\u00famero: (WhatsApp): (31) 9 &hellip; <a href=\"https:\/\/pneuscross.com.br\/site\/product\/direcional-400-x-15\/\" class=\"more-link\">Continue reading <span class=\"screen-reader-text\">Pneu Direcional &#8211; Fazemos diversas medidas<\/span><\/a><\/p>\n","protected":false},"featured_media":8018,"template":"","meta":[],"product_cat":[129],"product_tag":[],"class_list":["post-7847","product","type-product","status-publish","has-post-thumbnail","hentry","product_cat-pneus"],"_links":{"self":[{"href":"https:\/\/pneuscross.com.br\/site\/wp-json\/wp\/v2\/product\/7847","targetHints":{"allow":["GET"]}}],"collection":[{"href":"https:\/\/pneuscross.com.br\/site\/wp-json\/wp\/v2\/product"}],"about":[{"href":"https:\/\/pneuscross.com.br\/site\/wp-json\/wp\/v2\/types\/product"}],"wp:featuredmedia":[{"embeddable":true,"href":"https:\/\/pneuscross.com.br\/site\/wp-json\/wp\/v2\/media\/8018"}],"wp:attachment":[{"href":"https:\/\/pneuscross.com.br\/site\/wp-json\/wp\/v2\/media?parent=7847"}],"wp:term":[{"taxonomy":"product_cat","embeddable":true,"href":"https:\/\/pneuscross.com.br\/site\/wp-json\/wp\/v2\/product_cat?post=7847"},{"taxonomy":"product_tag","embeddable":true,"href":"https:\/\/pneuscross.com.br\/site\/wp-json\/wp\/v2\/product_tag?post=7847"}],"curies":[{"name":"wp","href":"https:\/\/api.w.org\/{rel}","templated":true}]}}