{"id":7856,"date":"2023-03-22T22:07:13","date_gmt":"2023-03-22T22:07:13","guid":{"rendered":"https:\/\/pneuscross.com.br\/site\/?post_type=product&#038;p=7856"},"modified":"2025-04-14T20:13:17","modified_gmt":"2025-04-14T20:13:17","slug":"fronteira-265-x-75-x-16","status":"publish","type":"product","link":"https:\/\/pneuscross.com.br\/site\/product\/fronteira-265-x-75-x-16\/","title":{"rendered":"Pneu Fronteira &#8211; fazemos diversas medidas"},"content":{"rendered":"<p>&nbsp;<\/p>\n<p>Despachamos para todo Brasil, frete por conta do comprador.<\/p>\n<p>Cotamos o seu frete sem compromisso \u260e\ufe0f.<\/p>\n<p>Pneu recapado a quente com borracha Vipal.<\/p>\n<p>Para mais informa\u00e7\u00f5es referente a modelos e medidas de pneus, simula\u00e7\u00f5es de frete, e dentre outros assuntos favor entrar em contato atrav\u00e9s do nosso n\u00famero \ud83d\udcf1:<\/p>\n<p>(31) 9 9951-8454 (WhatsApp comercial)<\/p>\n<p>ou entre em contato atrav\u00e9s do nosso n\u00famero (Televendas) \ud83d\udcf2\u260e\ufe0f:<\/p>\n<p>(31) 3461-6535 (WhatsApp).<\/p>\n<p>Qualidade e pre\u00e7o voc\u00ea s\u00f3 encontra aqui na Pneus Cross.<\/p>\n","protected":false},"excerpt":{"rendered":"<p>&nbsp; Despachamos para todo Brasil, frete por conta do comprador. Cotamos o seu frete sem compromisso \u260e\ufe0f. Pneu recapado a quente com borracha Vipal. Para mais informa\u00e7\u00f5es referente a modelos e medidas de pneus, simula\u00e7\u00f5es de frete, e dentre outros assuntos favor entrar em contato atrav\u00e9s do nosso n\u00famero \ud83d\udcf1: (31) 9 9951-8454 (WhatsApp comercial) &hellip; <a href=\"https:\/\/pneuscross.com.br\/site\/product\/fronteira-265-x-75-x-16\/\" class=\"more-link\">Continue reading <span class=\"screen-reader-text\">Pneu Fronteira &#8211; fazemos diversas medidas<\/span><\/a><\/p>\n","protected":false},"featured_media":8089,"template":"","meta":[],"product_cat":[129],"product_tag":[],"class_list":["post-7856","product","type-product","status-publish","has-post-thumbnail","hentry","product_cat-pneus"],"_links":{"self":[{"href":"https:\/\/pneuscross.com.br\/site\/wp-json\/wp\/v2\/product\/7856","targetHints":{"allow":["GET"]}}],"collection":[{"href":"https:\/\/pneuscross.com.br\/site\/wp-json\/wp\/v2\/product"}],"about":[{"href":"https:\/\/pneuscross.com.br\/site\/wp-json\/wp\/v2\/types\/product"}],"wp:featuredmedia":[{"embeddable":true,"href":"https:\/\/pneuscross.com.br\/site\/wp-json\/wp\/v2\/media\/8089"}],"wp:attachment":[{"href":"https:\/\/pneuscross.com.br\/site\/wp-json\/wp\/v2\/media?parent=7856"}],"wp:term":[{"taxonomy":"product_cat","embeddable":true,"href":"https:\/\/pneuscross.com.br\/site\/wp-json\/wp\/v2\/product_cat?post=7856"},{"taxonomy":"product_tag","embeddable":true,"href":"https:\/\/pneuscross.com.br\/site\/wp-json\/wp\/v2\/product_tag?post=7856"}],"curies":[{"name":"wp","href":"https:\/\/api.w.org\/{rel}","templated":true}]}}