{"id":7862,"date":"2023-03-22T22:14:07","date_gmt":"2023-03-22T22:14:07","guid":{"rendered":"https:\/\/pneuscross.com.br\/site\/?post_type=product&#038;p=7862"},"modified":"2025-04-14T20:12:27","modified_gmt":"2025-04-14T20:12:27","slug":"guidalao-33-x-12-5-x-15","status":"publish","type":"product","link":"https:\/\/pneuscross.com.br\/site\/product\/guidalao-33-x-12-5-x-15\/","title":{"rendered":"Guidal\u00e3o (Leia a descri\u00e7\u00e3o)"},"content":{"rendered":"<p>&nbsp;<\/p>\n<p>Despachamos para todo Brasil \ud83c\udde7\ud83c\uddf7. Cotamos o seu frete sem compromisso.<\/p>\n<p>Pneu recapado a quente com borracha Vipal.<\/p>\n<p>Para mais informa\u00e7\u00f5es entre em contato atrav\u00e9s do n\u00famero \u260e\ufe0f:<\/p>\n<p>(31) 3461-6535 (Televendas)<\/p>\n<p>ou entre em contato atrav\u00e9s do n\u00famero<\/p>\n<p>(31) 9 9951-8454 (Whatsapp).<\/p>\n<p>Encomende o seu (Prazo de at\u00e9 4 dias para fabrica\u00e7\u00e3o) .<\/p>\n","protected":false},"excerpt":{"rendered":"<p>&nbsp; Despachamos para todo Brasil \ud83c\udde7\ud83c\uddf7. Cotamos o seu frete sem compromisso. Pneu recapado a quente com borracha Vipal. Para mais informa\u00e7\u00f5es entre em contato atrav\u00e9s do n\u00famero \u260e\ufe0f: (31) 3461-6535 (Televendas) ou entre em contato atrav\u00e9s do n\u00famero (31) 9 9951-8454 (Whatsapp). Encomende o seu (Prazo de at\u00e9 4 dias para fabrica\u00e7\u00e3o) .<\/p>\n","protected":false},"featured_media":8059,"template":"","meta":[],"product_cat":[129],"product_tag":[],"class_list":["post-7862","product","type-product","status-publish","has-post-thumbnail","hentry","product_cat-pneus"],"_links":{"self":[{"href":"https:\/\/pneuscross.com.br\/site\/wp-json\/wp\/v2\/product\/7862","targetHints":{"allow":["GET"]}}],"collection":[{"href":"https:\/\/pneuscross.com.br\/site\/wp-json\/wp\/v2\/product"}],"about":[{"href":"https:\/\/pneuscross.com.br\/site\/wp-json\/wp\/v2\/types\/product"}],"wp:featuredmedia":[{"embeddable":true,"href":"https:\/\/pneuscross.com.br\/site\/wp-json\/wp\/v2\/media\/8059"}],"wp:attachment":[{"href":"https:\/\/pneuscross.com.br\/site\/wp-json\/wp\/v2\/media?parent=7862"}],"wp:term":[{"taxonomy":"product_cat","embeddable":true,"href":"https:\/\/pneuscross.com.br\/site\/wp-json\/wp\/v2\/product_cat?post=7862"},{"taxonomy":"product_tag","embeddable":true,"href":"https:\/\/pneuscross.com.br\/site\/wp-json\/wp\/v2\/product_tag?post=7862"}],"curies":[{"name":"wp","href":"https:\/\/api.w.org\/{rel}","templated":true}]}}