{"id":7865,"date":"2023-03-22T22:16:06","date_gmt":"2023-03-22T22:16:06","guid":{"rendered":"https:\/\/pneuscross.com.br\/site\/?post_type=product&#038;p=7865"},"modified":"2025-04-14T20:11:52","modified_gmt":"2025-04-14T20:11:52","slug":"militar-560-x-15","status":"publish","type":"product","link":"https:\/\/pneuscross.com.br\/site\/product\/militar-560-x-15\/","title":{"rendered":"Pneu Militar &#8211; Fazemos diversas medidas"},"content":{"rendered":"<div class=\"x11i5rnm xat24cr x1mh8g0r x1vvkbs xtlvy1s x126k92a\"><\/div>\n<div class=\"x11i5rnm xat24cr x1mh8g0r x1vvkbs xtlvy1s x126k92a\">\n<div dir=\"auto\"><\/div>\n<div dir=\"auto\"><\/div>\n<\/div>\n<div dir=\"auto\">\n<div dir=\"auto\">Despachamos para todo Brasil <span class=\"x3nfvp2 x1j61x8r x1fcty0u xdj266r xhhsvwb xat24cr xgzva0m xxymvpz xlup9mm x1kky2od\"><img loading=\"lazy\" decoding=\"async\" src=\"https:\/\/static.xx.fbcdn.net\/images\/emoji.php\/v9\/t9\/1\/16\/1f1e7_1f1f7.png\" alt=\"\ud83c\udde7\ud83c\uddf7\" width=\"16\" height=\"16\" \/><\/span>.<\/div>\n<div dir=\"auto\">Cotamos o seu frete sem compromisso.<\/div>\n<div dir=\"auto\"><\/div>\n<div dir=\"auto\">Para mais informa\u00e7\u00f5es entre em contato atrav\u00e9s do n\u00famero <span class=\"x3nfvp2 x1j61x8r x1fcty0u xdj266r xhhsvwb xat24cr xgzva0m xxymvpz xlup9mm x1kky2od\"><img loading=\"lazy\" decoding=\"async\" src=\"https:\/\/static.xx.fbcdn.net\/images\/emoji.php\/v9\/t22\/1\/16\/260e.png\" alt=\"\u260e\ufe0f\" width=\"16\" height=\"16\" \/><\/span>:<\/div>\n<div dir=\"auto\">(Televendas) (31) 3461-6535<\/div>\n<div dir=\"auto\">ou entre em contato atrav\u00e9s do nosso n\u00famero <span class=\"x3nfvp2 x1j61x8r x1fcty0u xdj266r xhhsvwb xat24cr xgzva0m xxymvpz xlup9mm x1kky2od\"><img loading=\"lazy\" decoding=\"async\" src=\"https:\/\/static.xx.fbcdn.net\/images\/emoji.php\/v9\/td8\/1\/16\/1f4f2.png\" alt=\"\ud83d\udcf2\" width=\"16\" height=\"16\" \/><\/span>:<\/div>\n<div dir=\"auto\">(Whatsapp) (31) 9 9951-8454.<\/div>\n<div dir=\"auto\">Encomende o seu (Prazo de 4 dias \u00fateis para fabrica\u00e7\u00e3o).<\/div>\n<\/div>\n","protected":false},"excerpt":{"rendered":"<p>Despachamos para todo Brasil . Cotamos o seu frete sem compromisso. Para mais informa\u00e7\u00f5es entre em contato atrav\u00e9s do n\u00famero : (Televendas) (31) 3461-6535 ou entre em contato atrav\u00e9s do nosso n\u00famero : (Whatsapp) (31) 9 9951-8454. Encomende o seu (Prazo de 4 dias \u00fateis para fabrica\u00e7\u00e3o).<\/p>\n","protected":false},"featured_media":7866,"template":"","meta":[],"product_cat":[129],"product_tag":[],"class_list":["post-7865","product","type-product","status-publish","has-post-thumbnail","hentry","product_cat-pneus"],"_links":{"self":[{"href":"https:\/\/pneuscross.com.br\/site\/wp-json\/wp\/v2\/product\/7865","targetHints":{"allow":["GET"]}}],"collection":[{"href":"https:\/\/pneuscross.com.br\/site\/wp-json\/wp\/v2\/product"}],"about":[{"href":"https:\/\/pneuscross.com.br\/site\/wp-json\/wp\/v2\/types\/product"}],"wp:featuredmedia":[{"embeddable":true,"href":"https:\/\/pneuscross.com.br\/site\/wp-json\/wp\/v2\/media\/7866"}],"wp:attachment":[{"href":"https:\/\/pneuscross.com.br\/site\/wp-json\/wp\/v2\/media?parent=7865"}],"wp:term":[{"taxonomy":"product_cat","embeddable":true,"href":"https:\/\/pneuscross.com.br\/site\/wp-json\/wp\/v2\/product_cat?post=7865"},{"taxonomy":"product_tag","embeddable":true,"href":"https:\/\/pneuscross.com.br\/site\/wp-json\/wp\/v2\/product_tag?post=7865"}],"curies":[{"name":"wp","href":"https:\/\/api.w.org\/{rel}","templated":true}]}}