{"id":7868,"date":"2023-03-22T22:33:56","date_gmt":"2023-03-22T22:33:56","guid":{"rendered":"https:\/\/pneuscross.com.br\/site\/?post_type=product&#038;p=7868"},"modified":"2025-04-14T20:10:55","modified_gmt":"2025-04-14T20:10:55","slug":"militar-radial-265-x-70-x-16","status":"publish","type":"product","link":"https:\/\/pneuscross.com.br\/site\/product\/militar-radial-265-x-70-x-16\/","title":{"rendered":"Militar Radial &#8211; 265\/70\/16"},"content":{"rendered":"<p>&nbsp;<\/p>\n<p>Despachamos para todo Brasil \ud83c\udde7\ud83c\uddf7. Cotamos o seu frete sem compromisso.<\/p>\n<p>Para mais informa\u00e7\u00f5es entre em contato atrav\u00e9s do n\u00famero \u260e\ufe0f:<\/p>\n<p>(Televendas) (31) 3461-6535<\/p>\n<p>Ou entre em contato atrav\u00e9s do nosso n\u00famero \ud83d\udcf2:<\/p>\n<p>(Whatsapp) (31) 9 9951-8454.<\/p>\n<p>Encomende o seu (Prazo de 4 dias \u00fateis para fabrica\u00e7\u00e3o).<\/p>\n","protected":false},"excerpt":{"rendered":"<p>&nbsp; Despachamos para todo Brasil \ud83c\udde7\ud83c\uddf7. Cotamos o seu frete sem compromisso. Para mais informa\u00e7\u00f5es entre em contato atrav\u00e9s do n\u00famero \u260e\ufe0f: (Televendas) (31) 3461-6535 Ou entre em contato atrav\u00e9s do nosso n\u00famero \ud83d\udcf2: (Whatsapp) (31) 9 9951-8454. Encomende o seu (Prazo de 4 dias \u00fateis para fabrica\u00e7\u00e3o).<\/p>\n","protected":false},"featured_media":8053,"template":"","meta":[],"product_cat":[129],"product_tag":[],"class_list":["post-7868","product","type-product","status-publish","has-post-thumbnail","hentry","product_cat-pneus"],"_links":{"self":[{"href":"https:\/\/pneuscross.com.br\/site\/wp-json\/wp\/v2\/product\/7868","targetHints":{"allow":["GET"]}}],"collection":[{"href":"https:\/\/pneuscross.com.br\/site\/wp-json\/wp\/v2\/product"}],"about":[{"href":"https:\/\/pneuscross.com.br\/site\/wp-json\/wp\/v2\/types\/product"}],"wp:featuredmedia":[{"embeddable":true,"href":"https:\/\/pneuscross.com.br\/site\/wp-json\/wp\/v2\/media\/8053"}],"wp:attachment":[{"href":"https:\/\/pneuscross.com.br\/site\/wp-json\/wp\/v2\/media?parent=7868"}],"wp:term":[{"taxonomy":"product_cat","embeddable":true,"href":"https:\/\/pneuscross.com.br\/site\/wp-json\/wp\/v2\/product_cat?post=7868"},{"taxonomy":"product_tag","embeddable":true,"href":"https:\/\/pneuscross.com.br\/site\/wp-json\/wp\/v2\/product_tag?post=7868"}],"curies":[{"name":"wp","href":"https:\/\/api.w.org\/{rel}","templated":true}]}}