{"id":7871,"date":"2023-03-22T22:46:37","date_gmt":"2023-03-22T22:46:37","guid":{"rendered":"https:\/\/pneuscross.com.br\/site\/?post_type=product&#038;p=7871"},"modified":"2025-04-14T20:11:11","modified_gmt":"2025-04-14T20:11:11","slug":"super-fronteira-265-x-75-x-16","status":"publish","type":"product","link":"https:\/\/pneuscross.com.br\/site\/product\/super-fronteira-265-x-75-x-16\/","title":{"rendered":"Super Fronteira &#8211; Fazemos diversas medidas"},"content":{"rendered":"<div class=\"x11i5rnm xat24cr x1mh8g0r x1vvkbs xtlvy1s x126k92a\"><\/div>\n<div class=\"x11i5rnm xat24cr x1mh8g0r x1vvkbs xtlvy1s x126k92a\">\n<div dir=\"auto\"><\/div>\n<div dir=\"auto\"><\/div>\n<\/div>\n<div class=\"x11i5rnm xat24cr x1mh8g0r x1vvkbs xtlvy1s x126k92a\">\n<div dir=\"auto\">Pneu recapado a quente com borracha Vipal.<\/div>\n<div dir=\"auto\"><\/div>\n<div dir=\"auto\">Despachamos para todo Brasil <span class=\"x3nfvp2 x1j61x8r x1fcty0u xdj266r xhhsvwb xat24cr xgzva0m xxymvpz xlup9mm x1kky2od\"><img loading=\"lazy\" decoding=\"async\" src=\"https:\/\/static.xx.fbcdn.net\/images\/emoji.php\/v9\/t9\/1\/16\/1f1e7_1f1f7.png\" alt=\"\ud83c\udde7\ud83c\uddf7\" width=\"16\" height=\"16\" \/><\/span> (Frete por conta do comprador). Cotamos o seu frete sem compromisso.<\/div>\n<div dir=\"auto\"><\/div>\n<div dir=\"auto\">Para mais informa\u00e7\u00f5es entrem em contato conosco atrav\u00e9s do nosso Messenger ou atrav\u00e9s do nosso telefone<\/div>\n<div dir=\"auto\"><span class=\"x3nfvp2 x1j61x8r x1fcty0u xdj266r xhhsvwb xat24cr xgzva0m xxymvpz xlup9mm x1kky2od\"><img loading=\"lazy\" decoding=\"async\" src=\"https:\/\/static.xx.fbcdn.net\/images\/emoji.php\/v9\/t22\/1\/16\/260e.png\" alt=\"\u260e\ufe0f\" width=\"16\" height=\"16\" \/><\/span> (31) 3461-6535 (Televendas)<\/div>\n<div dir=\"auto\">ou atrav\u00e9s do nosso<\/div>\n<div dir=\"auto\">Whatsapp <span class=\"x3nfvp2 x1j61x8r x1fcty0u xdj266r xhhsvwb xat24cr xgzva0m xxymvpz xlup9mm x1kky2od\"><img loading=\"lazy\" decoding=\"async\" src=\"https:\/\/static.xx.fbcdn.net\/images\/emoji.php\/v9\/t57\/1\/16\/1f4f1.png\" alt=\"\ud83d\udcf1\" width=\"16\" height=\"16\" \/><\/span> (31) 9 9951-8454.<\/div>\n<\/div>\n<div class=\"x11i5rnm xat24cr x1mh8g0r x1vvkbs xtlvy1s x126k92a\">\n<div dir=\"auto\">\u00a0Encomende o seu!<\/div>\n<\/div>\n","protected":false},"excerpt":{"rendered":"<p>Pneu recapado a quente com borracha Vipal. Despachamos para todo Brasil (Frete por conta do comprador). Cotamos o seu frete sem compromisso. Para mais informa\u00e7\u00f5es entrem em contato conosco atrav\u00e9s do nosso Messenger ou atrav\u00e9s do nosso telefone (31) 3461-6535 (Televendas) ou atrav\u00e9s do nosso Whatsapp (31) 9 9951-8454. \u00a0Encomende o seu!<\/p>\n","protected":false},"featured_media":8048,"template":"","meta":[],"product_cat":[129],"product_tag":[],"class_list":["post-7871","product","type-product","status-publish","has-post-thumbnail","hentry","product_cat-pneus"],"_links":{"self":[{"href":"https:\/\/pneuscross.com.br\/site\/wp-json\/wp\/v2\/product\/7871","targetHints":{"allow":["GET"]}}],"collection":[{"href":"https:\/\/pneuscross.com.br\/site\/wp-json\/wp\/v2\/product"}],"about":[{"href":"https:\/\/pneuscross.com.br\/site\/wp-json\/wp\/v2\/types\/product"}],"wp:featuredmedia":[{"embeddable":true,"href":"https:\/\/pneuscross.com.br\/site\/wp-json\/wp\/v2\/media\/8048"}],"wp:attachment":[{"href":"https:\/\/pneuscross.com.br\/site\/wp-json\/wp\/v2\/media?parent=7871"}],"wp:term":[{"taxonomy":"product_cat","embeddable":true,"href":"https:\/\/pneuscross.com.br\/site\/wp-json\/wp\/v2\/product_cat?post=7871"},{"taxonomy":"product_tag","embeddable":true,"href":"https:\/\/pneuscross.com.br\/site\/wp-json\/wp\/v2\/product_tag?post=7871"}],"curies":[{"name":"wp","href":"https:\/\/api.w.org\/{rel}","templated":true}]}}