{"id":7877,"date":"2023-03-22T23:08:37","date_gmt":"2023-03-22T23:08:37","guid":{"rendered":"https:\/\/pneuscross.com.br\/site\/?post_type=product&#038;p=7877"},"modified":"2023-04-10T18:31:22","modified_gmt":"2023-04-10T18:31:22","slug":"tork-31-x-10-5-x-15","status":"publish","type":"product","link":"https:\/\/pneuscross.com.br\/site\/product\/tork-31-x-10-5-x-15\/","title":{"rendered":"Pneu Tork &#8211; (Fazemos as medidas)"},"content":{"rendered":"<p>Fazemos as medidas:<\/p>\n<p>235\/75\/15 R$ 680,00 Cada.<\/p>\n<p>31\/10,5\/15 R$ 780,00 Cada.<\/p>\n<p>32\/11,5\/15 R$ 1.040,00 Cada.<\/p>\n<p>33\/12,5\/15 R$ 1.300,00 Cada.<\/p>\n<p>35\/12,5\/15 R$ 1.740,00 Cada.<\/p>\n<p>235\/70\/16 R$ 680,00 Cada.<\/p>\n<p>265\/70\/16 R$ 780,00 Cada.<\/p>\n<p>265\/75\/16 R$ 780,00 Cada.<\/p>\n<p>285\/75\/16 R$ 1.300,00 Cada.<\/p>\n<p>315\/75\/16 R$ 1.740,00 Cada.<\/p>\n<p>7.50\/16 R$ 720,00 Cada.<\/p>\n<p>315\/70\/17 R$ 1.740,00 Cada.<\/p>\n<p>Despachamos para todo Brasil \ud83c\udde7\ud83c\uddf7.<\/p>\n<p>Cotamos o seu frete sem compromisso, frete por conta do comprador.<\/p>\n<p>Pneu recapado a quente com borracha Vipal.<\/p>\n<p>Para mais informa\u00e7\u00f5es referente a modelos, medidas, cota\u00e7\u00e3o de frete e dentre outros assuntos favor entrar em contato atrav\u00e9s do n\u00famero<\/p>\n<p>(31) 3461-6535\u00a0 (WhatsApp)<\/p>\n<p>ou entre em contato atrav\u00e9s do n\u00famero<\/p>\n<p>(31) 9 9951-8454 (WhatsApp e liga\u00e7\u00e3o).<\/p>\n<p>Entrem em contato conosco e encomende j\u00e1 o seu \ud83d\udcf2<\/p>\n<p>Venha para a Pneus Cross, s\u00f3 aqui voc\u00ea encontra qualidade e pre\u00e7o.<\/p>\n","protected":false},"excerpt":{"rendered":"<p>Fazemos as medidas: 235\/75\/15 R$ 680,00 Cada. 31\/10,5\/15 R$ 780,00 Cada. 32\/11,5\/15 R$ 1.040,00 Cada. 33\/12,5\/15 R$ 1.300,00 Cada. 35\/12,5\/15 R$ 1.740,00 Cada. 235\/70\/16 R$ 680,00 Cada. 265\/70\/16 R$ 780,00 Cada. 265\/75\/16 R$ 780,00 Cada. 285\/75\/16 R$ 1.300,00 Cada. 315\/75\/16 R$ 1.740,00 Cada. 7.50\/16 R$ 720,00 Cada. 315\/70\/17 R$ 1.740,00 Cada. Despachamos para todo Brasil &hellip; <a href=\"https:\/\/pneuscross.com.br\/site\/product\/tork-31-x-10-5-x-15\/\" class=\"more-link\">Continue reading <span class=\"screen-reader-text\">Pneu Tork &#8211; (Fazemos as medidas)<\/span><\/a><\/p>\n","protected":false},"featured_media":8078,"template":"","meta":[],"product_cat":[129],"product_tag":[],"class_list":["post-7877","product","type-product","status-publish","has-post-thumbnail","hentry","product_cat-pneus"],"_links":{"self":[{"href":"https:\/\/pneuscross.com.br\/site\/wp-json\/wp\/v2\/product\/7877","targetHints":{"allow":["GET"]}}],"collection":[{"href":"https:\/\/pneuscross.com.br\/site\/wp-json\/wp\/v2\/product"}],"about":[{"href":"https:\/\/pneuscross.com.br\/site\/wp-json\/wp\/v2\/types\/product"}],"wp:featuredmedia":[{"embeddable":true,"href":"https:\/\/pneuscross.com.br\/site\/wp-json\/wp\/v2\/media\/8078"}],"wp:attachment":[{"href":"https:\/\/pneuscross.com.br\/site\/wp-json\/wp\/v2\/media?parent=7877"}],"wp:term":[{"taxonomy":"product_cat","embeddable":true,"href":"https:\/\/pneuscross.com.br\/site\/wp-json\/wp\/v2\/product_cat?post=7877"},{"taxonomy":"product_tag","embeddable":true,"href":"https:\/\/pneuscross.com.br\/site\/wp-json\/wp\/v2\/product_tag?post=7877"}],"curies":[{"name":"wp","href":"https:\/\/api.w.org\/{rel}","templated":true}]}}