{"id":7880,"date":"2023-03-22T23:15:18","date_gmt":"2023-03-22T23:15:18","guid":{"rendered":"https:\/\/pneuscross.com.br\/site\/?post_type=product&#038;p=7880"},"modified":"2025-04-14T20:09:32","modified_gmt":"2025-04-14T20:09:32","slug":"track-265-x-15-x-15","status":"publish","type":"product","link":"https:\/\/pneuscross.com.br\/site\/product\/track-265-x-15-x-15\/","title":{"rendered":"Pneu Super Track"},"content":{"rendered":"<p>&nbsp;<\/p>\n<p>Despachamos para todo Brasil, cotamos o seu frete sem compromisso .<\/p>\n<p>Pneu recapado a quente com borracha Vipal.<\/p>\n<p>Para mais informa\u00e7\u00f5es referente a modelos, medidas, cota\u00e7\u00f5es e dentre outras informa\u00e7\u00f5es entre em contato atrav\u00e9s do n\u00famero:<\/p>\n<p>(31) 3461-6535 (Televendas).<\/p>\n<p>Encomende j\u00e1 o seu (Prazo de at\u00e9 4 dias para fabrica\u00e7\u00e3o) .<\/p>\n","protected":false},"excerpt":{"rendered":"<p>&nbsp; Despachamos para todo Brasil, cotamos o seu frete sem compromisso . Pneu recapado a quente com borracha Vipal. Para mais informa\u00e7\u00f5es referente a modelos, medidas, cota\u00e7\u00f5es e dentre outras informa\u00e7\u00f5es entre em contato atrav\u00e9s do n\u00famero: (31) 3461-6535 (Televendas). Encomende j\u00e1 o seu (Prazo de at\u00e9 4 dias para fabrica\u00e7\u00e3o) .<\/p>\n","protected":false},"featured_media":8100,"template":"","meta":[],"product_cat":[129],"product_tag":[],"class_list":["post-7880","product","type-product","status-publish","has-post-thumbnail","hentry","product_cat-pneus"],"_links":{"self":[{"href":"https:\/\/pneuscross.com.br\/site\/wp-json\/wp\/v2\/product\/7880","targetHints":{"allow":["GET"]}}],"collection":[{"href":"https:\/\/pneuscross.com.br\/site\/wp-json\/wp\/v2\/product"}],"about":[{"href":"https:\/\/pneuscross.com.br\/site\/wp-json\/wp\/v2\/types\/product"}],"wp:featuredmedia":[{"embeddable":true,"href":"https:\/\/pneuscross.com.br\/site\/wp-json\/wp\/v2\/media\/8100"}],"wp:attachment":[{"href":"https:\/\/pneuscross.com.br\/site\/wp-json\/wp\/v2\/media?parent=7880"}],"wp:term":[{"taxonomy":"product_cat","embeddable":true,"href":"https:\/\/pneuscross.com.br\/site\/wp-json\/wp\/v2\/product_cat?post=7880"},{"taxonomy":"product_tag","embeddable":true,"href":"https:\/\/pneuscross.com.br\/site\/wp-json\/wp\/v2\/product_tag?post=7880"}],"curies":[{"name":"wp","href":"https:\/\/api.w.org\/{rel}","templated":true}]}}