{"id":7939,"date":"2023-03-23T01:31:41","date_gmt":"2023-03-23T01:31:41","guid":{"rendered":"https:\/\/pneuscross.com.br\/site\/?post_type=product&#038;p=7939"},"modified":"2025-04-14T20:07:47","modified_gmt":"2025-04-14T20:07:47","slug":"pneu-para-quadriciclo","status":"publish","type":"product","link":"https:\/\/pneuscross.com.br\/site\/product\/pneu-para-quadriciclo\/","title":{"rendered":"Pneu para Quadriciclo"},"content":{"rendered":"<p>&nbsp;<\/p>\n<p>Fabricamos na carca\u00e7a do cliente ou fazemos a base de troca (Favor consultar medidas dispon\u00edveis).<\/p>\n<p>Nossa linha completa (Quadrciclos\/UTV) \u00e9 de pneus recapado a quente com borracha Vipal.<\/p>\n<p>Despachamos para todo Brasil \ud83c\udde7\ud83c\uddf7. Cotamos o seu frete sem compromisso.<\/p>\n<p>Para mais informa\u00e7\u00f5es referente a modelos, medidas, cota\u00e7\u00f5es e dentre outros assuntos, favor entrar em contato atrav\u00e9s do n\u00famero (Televendas):<\/p>\n<p>\u260e\ufe0f(31) 3461-6535<\/p>\n<p>ou atrav\u00e9s do n\u00famero (Whatsapp) \ud83d\udcf2<\/p>\n<p>(31) 9 9951-8454.<\/p>\n<p>Ligue j\u00e1 e fa\u00e7a seu or\u00e7amento \ud83d\udcf2!!!<\/p>\n","protected":false},"excerpt":{"rendered":"<p>&nbsp; Fabricamos na carca\u00e7a do cliente ou fazemos a base de troca (Favor consultar medidas dispon\u00edveis). Nossa linha completa (Quadrciclos\/UTV) \u00e9 de pneus recapado a quente com borracha Vipal. Despachamos para todo Brasil \ud83c\udde7\ud83c\uddf7. Cotamos o seu frete sem compromisso. Para mais informa\u00e7\u00f5es referente a modelos, medidas, cota\u00e7\u00f5es e dentre outros assuntos, favor entrar em &hellip; <a href=\"https:\/\/pneuscross.com.br\/site\/product\/pneu-para-quadriciclo\/\" class=\"more-link\">Continue reading <span class=\"screen-reader-text\">Pneu para Quadriciclo<\/span><\/a><\/p>\n","protected":false},"featured_media":8057,"template":"","meta":[],"product_cat":[129],"product_tag":[],"class_list":["post-7939","product","type-product","status-publish","has-post-thumbnail","hentry","product_cat-pneus"],"_links":{"self":[{"href":"https:\/\/pneuscross.com.br\/site\/wp-json\/wp\/v2\/product\/7939","targetHints":{"allow":["GET"]}}],"collection":[{"href":"https:\/\/pneuscross.com.br\/site\/wp-json\/wp\/v2\/product"}],"about":[{"href":"https:\/\/pneuscross.com.br\/site\/wp-json\/wp\/v2\/types\/product"}],"wp:featuredmedia":[{"embeddable":true,"href":"https:\/\/pneuscross.com.br\/site\/wp-json\/wp\/v2\/media\/8057"}],"wp:attachment":[{"href":"https:\/\/pneuscross.com.br\/site\/wp-json\/wp\/v2\/media?parent=7939"}],"wp:term":[{"taxonomy":"product_cat","embeddable":true,"href":"https:\/\/pneuscross.com.br\/site\/wp-json\/wp\/v2\/product_cat?post=7939"},{"taxonomy":"product_tag","embeddable":true,"href":"https:\/\/pneuscross.com.br\/site\/wp-json\/wp\/v2\/product_tag?post=7939"}],"curies":[{"name":"wp","href":"https:\/\/api.w.org\/{rel}","templated":true}]}}