{"id":7943,"date":"2023-03-23T01:34:48","date_gmt":"2023-03-23T01:34:48","guid":{"rendered":"https:\/\/pneuscross.com.br\/site\/?post_type=product&#038;p=7943"},"modified":"2025-04-14T20:07:00","modified_gmt":"2025-04-14T20:07:00","slug":"all-terrain-diversas-medidas","status":"publish","type":"product","link":"https:\/\/pneuscross.com.br\/site\/product\/all-terrain-diversas-medidas\/","title":{"rendered":"Pneu All-Terrain (Feito na carca\u00e7a do cliente)"},"content":{"rendered":"<p>&nbsp;<\/p>\n<p>Pneu recapado a quente com borracha Vipal.<\/p>\n<p>Despachamos para todo Brasil (Frete por conta do comprador). Cotamos o seu frete sem compromisso.<\/p>\n<p>Para mais informa\u00e7\u00f5es referente a modelo, medidas, frete e dentre outros, favor entrar em contato conosco atrav\u00e9s do nosso n\u00famero: (31) 3461-6535 (Televendas)<\/p>\n<p>ou atrav\u00e9s do n\u00famero: (31) 9 9951-8454 (Whatsapp).<\/p>\n<p>Ligue j\u00e1 e encomende o seu!!!<\/p>\n","protected":false},"excerpt":{"rendered":"<p>&nbsp; Pneu recapado a quente com borracha Vipal. Despachamos para todo Brasil (Frete por conta do comprador). Cotamos o seu frete sem compromisso. Para mais informa\u00e7\u00f5es referente a modelo, medidas, frete e dentre outros, favor entrar em contato conosco atrav\u00e9s do nosso n\u00famero: (31) 3461-6535 (Televendas) ou atrav\u00e9s do n\u00famero: (31) 9 9951-8454 (Whatsapp). Ligue &hellip; <a href=\"https:\/\/pneuscross.com.br\/site\/product\/all-terrain-diversas-medidas\/\" class=\"more-link\">Continue reading <span class=\"screen-reader-text\">Pneu All-Terrain (Feito na carca\u00e7a do cliente)<\/span><\/a><\/p>\n","protected":false},"featured_media":8036,"template":"","meta":[],"product_cat":[129],"product_tag":[],"class_list":["post-7943","product","type-product","status-publish","has-post-thumbnail","hentry","product_cat-pneus"],"_links":{"self":[{"href":"https:\/\/pneuscross.com.br\/site\/wp-json\/wp\/v2\/product\/7943","targetHints":{"allow":["GET"]}}],"collection":[{"href":"https:\/\/pneuscross.com.br\/site\/wp-json\/wp\/v2\/product"}],"about":[{"href":"https:\/\/pneuscross.com.br\/site\/wp-json\/wp\/v2\/types\/product"}],"wp:featuredmedia":[{"embeddable":true,"href":"https:\/\/pneuscross.com.br\/site\/wp-json\/wp\/v2\/media\/8036"}],"wp:attachment":[{"href":"https:\/\/pneuscross.com.br\/site\/wp-json\/wp\/v2\/media?parent=7943"}],"wp:term":[{"taxonomy":"product_cat","embeddable":true,"href":"https:\/\/pneuscross.com.br\/site\/wp-json\/wp\/v2\/product_cat?post=7943"},{"taxonomy":"product_tag","embeddable":true,"href":"https:\/\/pneuscross.com.br\/site\/wp-json\/wp\/v2\/product_tag?post=7943"}],"curies":[{"name":"wp","href":"https:\/\/api.w.org\/{rel}","templated":true}]}}